{"id":36,"date":"2020-05-17T20:35:38","date_gmt":"2020-05-17T18:35:38","guid":{"rendered":"https:\/\/ebed-futar.hu\/tatabanya\/?page_id=36"},"modified":"2024-10-21T00:30:29","modified_gmt":"2024-10-20T22:30:29","slug":"kapcsolat","status":"publish","type":"page","link":"https:\/\/ebed-futar.hu\/jabil\/kapcsolat\/","title":{"rendered":"Kapcsolat"},"content":{"rendered":"\n<div class=\"wp-block-athemes-athemes-blocks-block-google-maps athemes-blocks-block athemes-blocks-block-1977ee51 athemes-blocks-block-google-maps map-block\"><iframe src=\"https:\/\/www.google.com\/maps\/embed?pb=!1m18!1m12!1m3!1d2664.23390729128!2d20.803704612432!3d48.10572335325779!2m3!1f0!2f0!3f0!3m2!1i1024!2i768!4f13.1!3m3!1m2!1s0x4740a000b1151385%3A0x86d03e05155c06d0!2sMiskolc%2C%20J%C3%B3zsef%20Attila%20u.%2025-27%2C%203533!5e0!3m2!1shu!2shu!4v1729463344189!5m2!1shu!2shu\" width=\"100%\" height=\"450\" style=\"border:0;\" allowfullscreen=\"\" loading=\"lazy\" referrerpolicy=\"no-referrer-when-downgrade\"><\/iframe><\/div>\n\n\n\n<div style=\"height:30px\" aria-hidden=\"true\" class=\"wp-block-spacer\"><\/div>\n\n\n\n<div class=\"wp-block-columns is-layout-flex wp-container-core-columns-is-layout-28f84493 wp-block-columns-is-layout-flex\">\n<div class=\"wp-block-column is-layout-flow wp-block-column-is-layout-flow\" style=\"flex-basis:60%\">\n<h3 class=\"wp-block-heading\">\u00cdrjon nek\u00fcnk!<\/h3>\n\n\n<style id=\"wpforms-css-vars-6346-block-b787b83f-7466-4f7f-8cca-25764f1092b3\">\n\t\t\t\t#wpforms-6346.wpforms-block-b787b83f-7466-4f7f-8cca-25764f1092b3 {\n\t\t\t\t--wpforms-button-background-color: #bd2925;\n--wpforms-field-size-input-height: 43px;\n--wpforms-field-size-input-spacing: 15px;\n--wpforms-field-size-font-size: 16px;\n--wpforms-field-size-line-height: 19px;\n--wpforms-field-size-padding-h: 14px;\n--wpforms-field-size-checkbox-size: 16px;\n--wpforms-field-size-sublabel-spacing: 5px;\n--wpforms-field-size-icon-size: 1;\n--wpforms-label-size-font-size: 16px;\n--wpforms-label-size-line-height: 19px;\n--wpforms-label-size-sublabel-font-size: 14px;\n--wpforms-label-size-sublabel-line-height: 17px;\n--wpforms-button-size-font-size: 17px;\n--wpforms-button-size-height: 41px;\n--wpforms-button-size-padding-h: 15px;\n--wpforms-button-size-margin-top: 10px;\n\t\t\t}\n\t\t\t<\/style><div class=\"wpforms-container wpforms-container-full wpforms-block wpforms-block-b787b83f-7466-4f7f-8cca-25764f1092b3 wpforms-render-modern\" id=\"wpforms-6346\"><form id=\"wpforms-form-6346\" class=\"wpforms-validate wpforms-form wpforms-ajax-form\" data-formid=\"6346\" method=\"post\" enctype=\"multipart\/form-data\" action=\"\/jabil\/wp-json\/wp\/v2\/pages\/36\" data-token=\"6b556f049d15885fd03e0c251222face\" data-token-time=\"1778499857\"><noscript class=\"wpforms-error-noscript\">Please enable JavaScript in your browser to complete this form.<\/noscript><div id=\"wpforms-error-noscript\" style=\"display: none;\">Please enable JavaScript in your browser to complete this form.<\/div><div class=\"wpforms-field-container\"><div id=\"wpforms-6346-field_4-container\" class=\"wpforms-field wpforms-field-name wpforms-one-half wpforms-first\" data-field-id=\"4\"><label class=\"wpforms-field-label\" for=\"wpforms-6346-field_4\">N\u00e9v <span class=\"wpforms-required-label\" aria-hidden=\"true\">*<\/span><\/label><input type=\"text\" id=\"wpforms-6346-field_4\" class=\"wpforms-field-large wpforms-field-required\" name=\"wpforms[fields][4]\" aria-errormessage=\"wpforms-6346-field_4-error\" required><\/div><div id=\"wpforms-6346-field_2-container\" class=\"wpforms-field wpforms-field-email wpforms-one-half\" data-field-id=\"2\"><label class=\"wpforms-field-label\" for=\"wpforms-6346-field_2\">E-mail <span class=\"wpforms-required-label\" aria-hidden=\"true\">*<\/span><\/label><input type=\"email\" id=\"wpforms-6346-field_2\" class=\"wpforms-field-large wpforms-field-required\" name=\"wpforms[fields][2]\" spellcheck=\"false\" aria-errormessage=\"wpforms-6346-field_2-error\" required><\/div><div id=\"wpforms-6346-field_3-container\" class=\"wpforms-field wpforms-field-textarea\" data-field-id=\"3\"><label class=\"wpforms-field-label\" for=\"wpforms-6346-field_3\">\u00dczenet <span class=\"wpforms-required-label\" aria-hidden=\"true\">*<\/span><\/label><textarea id=\"wpforms-6346-field_3\" class=\"wpforms-field-large wpforms-field-required\" name=\"wpforms[fields][3]\" aria-errormessage=\"wpforms-6346-field_3-error\" required><\/textarea><\/div><\/div><!-- .wpforms-field-container --><div class=\"wpforms-submit-container\" ><input type=\"hidden\" name=\"wpforms[id]\" value=\"6346\"><input type=\"hidden\" name=\"page_title\" value=\"\"><input type=\"hidden\" name=\"page_url\" value=\"https:\/\/ebed-futar.hu\/jabil\/wp-json\/wp\/v2\/pages\/36\"><input type=\"hidden\" name=\"url_referer\" value=\"\"><button type=\"submit\" name=\"wpforms[submit]\" id=\"wpforms-submit-6346\" class=\"wpforms-submit\" data-alt-text=\"K\u00fcld\u00e9s...\" data-submit-text=\"K\u00fcld\u00e9s\" aria-live=\"assertive\" value=\"wpforms-submit\">K\u00fcld\u00e9s<\/button><img loading=\"lazy\" decoding=\"async\" src=\"https:\/\/ebed-futar.hu\/jabil\/wp-content\/plugins\/wpforms-lite\/assets\/images\/submit-spin.svg\" class=\"wpforms-submit-spinner\" style=\"display: none;\" width=\"26\" height=\"26\" alt=\"Loading\"><\/div><\/form><\/div>  <!-- .wpforms-container --><\/div>\n\n\n\n<div class=\"wp-block-column is-layout-flow wp-block-column-is-layout-flow\" style=\"flex-basis:5%\"><\/div>\n\n\n\n<div class=\"wp-block-column is-layout-flow wp-block-column-is-layout-flow\" style=\"flex-basis:35%\">\n<h3 class=\"wp-block-heading\">El\u00e9rhet\u0151s\u00e9gek<\/h3>\n\n\n\n<div style=\"height:15px\" aria-hidden=\"true\" class=\"wp-block-spacer\"><\/div>\n\n\n\n<p>Eb\u00e9dfut\u00e1r Kft.<\/p>\n\n\n\n<p>3527 Miskolc, J\u00f3zsef Attila u. 25-27.<\/p>\n\n\n\n<p class=\"smallmargin has-small-font-size\">E-MAIL:<\/p>\n\n\n\n<p><a href=\"mailto:rendeles.etterem@gmail.com\">rendeles.etterem@gmail.com<\/a><\/p>\n\n\n\n<ul class=\"wp-block-social-links is-layout-flex wp-block-social-links-is-layout-flex\"><li class=\"wp-social-link wp-social-link-facebook  wp-block-social-link\"><a href=\"https:\/\/www.facebook.com\/EbedfutarKft\/\" class=\"wp-block-social-link-anchor\"><svg width=\"24\" height=\"24\" viewBox=\"0 0 24 24\" version=\"1.1\" xmlns=\"http:\/\/www.w3.org\/2000\/svg\" aria-hidden=\"true\" focusable=\"false\"><path d=\"M12 2C6.5 2 2 6.5 2 12c0 5 3.7 9.1 8.4 9.9v-7H7.9V12h2.5V9.8c0-2.5 1.5-3.9 3.8-3.9 1.1 0 2.2.2 2.2.2v2.5h-1.3c-1.2 0-1.6.8-1.6 1.6V12h2.8l-.4 2.9h-2.3v7C18.3 21.1 22 17 22 12c0-5.5-4.5-10-10-10z\"><\/path><\/svg><span class=\"wp-block-social-link-label screen-reader-text\">Facebook<\/span><\/a><\/li><\/ul>\n\n\n\n<div style=\"height:1px\" aria-hidden=\"true\" class=\"wp-block-spacer\"><\/div>\n\n\n\n<h3 class=\"wp-block-heading\">Nyitva tart\u00e1s<\/h3>\n\n\n\n<div style=\"height:15px\" aria-hidden=\"true\" class=\"wp-block-spacer\"><\/div>\n\n\n\n<p>H\u00e9tf\u0151: 7:00 \u2013 23:00<br>Kedd: 7:00 \u2013 23:00<br>Szerda: 7:00 \u2013 23:00<br>Cs\u00fct\u00f6rt\u00f6k: 7:00 \u2013 23:00<br>P\u00e9ntek: 7:00 \u2013 23:00<br>Szombat: 7:00 \u2013 23:00<br>Vas\u00e1rnap: 7:00 \u2013 23:00<\/p>\n<\/div>\n<\/div>\n\n\n\n<p><\/p>\n","protected":false},"excerpt":{"rendered":"<p>\u00cdrjon nek\u00fcnk! El\u00e9rhet\u0151s\u00e9gek Eb\u00e9dfut\u00e1r Kft. 3527 Miskolc, J\u00f3zsef Attila u. 25-27. E-MAIL: rendeles.etterem@gmail.com Nyitva tart\u00e1s H\u00e9tf\u0151: 7:00 \u2013 23:00Kedd: 7:00 \u2013 23:00Szerda: 7:00 \u2013 23:00Cs\u00fct\u00f6rt\u00f6k: 7:00 \u2013 23:00P\u00e9ntek: 7:00 \u2013 [&hellip;]<\/p>\n","protected":false},"author":1,"featured_media":0,"parent":0,"menu_order":0,"comment_status":"closed","ping_status":"closed","template":"","meta":{"_acf_changed":false,"_monsterinsights_skip_tracking":false,"_monsterinsights_sitenote_active":false,"_monsterinsights_sitenote_note":"","_monsterinsights_sitenote_category":0,"footnotes":""},"class_list":["post-36","page","type-page","status-publish","hentry"],"yoast_head":"<!-- This site is optimized with the Yoast SEO plugin v27.5 - https:\/\/yoast.com\/product\/yoast-seo-wordpress\/ -->\n<title>Kapcsolat - Eb\u00e9dfut\u00e1r - Jabil<\/title>\n<meta name=\"robots\" content=\"noindex, follow, max-snippet:-1, max-image-preview:large, max-video-preview:-1\" \/>\n<meta property=\"og:locale\" content=\"hu_HU\" \/>\n<meta property=\"og:type\" content=\"article\" \/>\n<meta property=\"og:title\" content=\"Kapcsolat - Eb\u00e9dfut\u00e1r - Jabil\" \/>\n<meta property=\"og:description\" content=\"\u00cdrjon nek\u00fcnk! El\u00e9rhet\u0151s\u00e9gek Eb\u00e9dfut\u00e1r Kft. 3527 Miskolc, J\u00f3zsef Attila u. 25-27. E-MAIL: rendeles.etterem@gmail.com Nyitva tart\u00e1s H\u00e9tf\u0151: 7:00 \u2013 23:00Kedd: 7:00 \u2013 23:00Szerda: 7:00 \u2013 23:00Cs\u00fct\u00f6rt\u00f6k: 7:00 \u2013 23:00P\u00e9ntek: 7:00 \u2013 [&hellip;]\" \/>\n<meta property=\"og:url\" content=\"https:\/\/ebed-futar.hu\/jabil\/kapcsolat\/\" \/>\n<meta property=\"og:site_name\" content=\"Eb\u00e9dfut\u00e1r - Jabil\" \/>\n<meta property=\"article:publisher\" content=\"https:\/\/www.facebook.com\/EbedfutarKft\/\" \/>\n<meta property=\"article:modified_time\" content=\"2024-10-20T22:30:29+00:00\" \/>\n<meta property=\"og:image\" content=\"https:\/\/ebed-futar.hu\/jabil\/wp-content\/uploads\/sites\/2\/2024\/10\/site_image.jpg\" \/>\n\t<meta property=\"og:image:width\" content=\"1200\" \/>\n\t<meta property=\"og:image:height\" content=\"675\" \/>\n\t<meta property=\"og:image:type\" content=\"image\/jpeg\" \/>\n<meta name=\"twitter:card\" content=\"summary_large_image\" \/>\n<meta name=\"twitter:label1\" content=\"Becs\u00fclt olvas\u00e1si id\u0151\" \/>\n\t<meta name=\"twitter:data1\" content=\"1 perc\" \/>\n<script type=\"application\/ld+json\" class=\"yoast-schema-graph\">{\"@context\":\"https:\\\/\\\/schema.org\",\"@graph\":[{\"@type\":\"WebPage\",\"@id\":\"https:\\\/\\\/ebed-futar.hu\\\/jabil\\\/kapcsolat\\\/\",\"url\":\"https:\\\/\\\/ebed-futar.hu\\\/jabil\\\/kapcsolat\\\/\",\"name\":\"Kapcsolat - Eb\u00e9dfut\u00e1r - Jabil\",\"isPartOf\":{\"@id\":\"https:\\\/\\\/ebed-futar.hu\\\/jabil\\\/#website\"},\"datePublished\":\"2020-05-17T18:35:38+00:00\",\"dateModified\":\"2024-10-20T22:30:29+00:00\",\"breadcrumb\":{\"@id\":\"https:\\\/\\\/ebed-futar.hu\\\/jabil\\\/kapcsolat\\\/#breadcrumb\"},\"inLanguage\":\"hu\",\"potentialAction\":[{\"@type\":\"ReadAction\",\"target\":[\"https:\\\/\\\/ebed-futar.hu\\\/jabil\\\/kapcsolat\\\/\"]}]},{\"@type\":\"BreadcrumbList\",\"@id\":\"https:\\\/\\\/ebed-futar.hu\\\/jabil\\\/kapcsolat\\\/#breadcrumb\",\"itemListElement\":[{\"@type\":\"ListItem\",\"position\":1,\"name\":\"Kezd\u0151lap\",\"item\":\"https:\\\/\\\/ebed-futar.hu\\\/jabil\\\/\"},{\"@type\":\"ListItem\",\"position\":2,\"name\":\"Kapcsolat\"}]},{\"@type\":\"WebSite\",\"@id\":\"https:\\\/\\\/ebed-futar.hu\\\/jabil\\\/#website\",\"url\":\"https:\\\/\\\/ebed-futar.hu\\\/jabil\\\/\",\"name\":\"Eb\u00e9dfut\u00e1r - Jabil\",\"description\":\"Minden, ami vend\u00e9gl\u00e1t\u00e1s\",\"publisher\":{\"@id\":\"https:\\\/\\\/ebed-futar.hu\\\/jabil\\\/#organization\"},\"potentialAction\":[{\"@type\":\"SearchAction\",\"target\":{\"@type\":\"EntryPoint\",\"urlTemplate\":\"https:\\\/\\\/ebed-futar.hu\\\/jabil\\\/?s={search_term_string}\"},\"query-input\":{\"@type\":\"PropertyValueSpecification\",\"valueRequired\":true,\"valueName\":\"search_term_string\"}}],\"inLanguage\":\"hu\"},{\"@type\":\"Organization\",\"@id\":\"https:\\\/\\\/ebed-futar.hu\\\/jabil\\\/#organization\",\"name\":\"Eb\u00e9dfut\u00e1r Kft.\",\"url\":\"https:\\\/\\\/ebed-futar.hu\\\/jabil\\\/\",\"logo\":{\"@type\":\"ImageObject\",\"inLanguage\":\"hu\",\"@id\":\"https:\\\/\\\/ebed-futar.hu\\\/jabil\\\/#\\\/schema\\\/logo\\\/image\\\/\",\"url\":\"https:\\\/\\\/ebed-futar.hu\\\/jabil\\\/wp-content\\\/uploads\\\/sites\\\/2\\\/2024\\\/10\\\/jabil_logo_web.png\",\"contentUrl\":\"https:\\\/\\\/ebed-futar.hu\\\/jabil\\\/wp-content\\\/uploads\\\/sites\\\/2\\\/2024\\\/10\\\/jabil_logo_web.png\",\"width\":117,\"height\":150,\"caption\":\"Eb\u00e9dfut\u00e1r Kft.\"},\"image\":{\"@id\":\"https:\\\/\\\/ebed-futar.hu\\\/jabil\\\/#\\\/schema\\\/logo\\\/image\\\/\"},\"sameAs\":[\"https:\\\/\\\/www.facebook.com\\\/EbedfutarKft\\\/\"]}]}<\/script>\n<!-- \/ Yoast SEO plugin. -->","yoast_head_json":{"title":"Kapcsolat - Eb\u00e9dfut\u00e1r - Jabil","robots":{"index":"noindex","follow":"follow","max-snippet":"max-snippet:-1","max-image-preview":"max-image-preview:large","max-video-preview":"max-video-preview:-1"},"og_locale":"hu_HU","og_type":"article","og_title":"Kapcsolat - Eb\u00e9dfut\u00e1r - Jabil","og_description":"\u00cdrjon nek\u00fcnk! El\u00e9rhet\u0151s\u00e9gek Eb\u00e9dfut\u00e1r Kft. 3527 Miskolc, J\u00f3zsef Attila u. 25-27. E-MAIL: rendeles.etterem@gmail.com Nyitva tart\u00e1s H\u00e9tf\u0151: 7:00 \u2013 23:00Kedd: 7:00 \u2013 23:00Szerda: 7:00 \u2013 23:00Cs\u00fct\u00f6rt\u00f6k: 7:00 \u2013 23:00P\u00e9ntek: 7:00 \u2013 [&hellip;]","og_url":"https:\/\/ebed-futar.hu\/jabil\/kapcsolat\/","og_site_name":"Eb\u00e9dfut\u00e1r - Jabil","article_publisher":"https:\/\/www.facebook.com\/EbedfutarKft\/","article_modified_time":"2024-10-20T22:30:29+00:00","og_image":[{"width":1200,"height":675,"url":"https:\/\/ebed-futar.hu\/jabil\/wp-content\/uploads\/sites\/2\/2024\/10\/site_image.jpg","type":"image\/jpeg"}],"twitter_card":"summary_large_image","twitter_misc":{"Becs\u00fclt olvas\u00e1si id\u0151":"1 perc"},"schema":{"@context":"https:\/\/schema.org","@graph":[{"@type":"WebPage","@id":"https:\/\/ebed-futar.hu\/jabil\/kapcsolat\/","url":"https:\/\/ebed-futar.hu\/jabil\/kapcsolat\/","name":"Kapcsolat - Eb\u00e9dfut\u00e1r - Jabil","isPartOf":{"@id":"https:\/\/ebed-futar.hu\/jabil\/#website"},"datePublished":"2020-05-17T18:35:38+00:00","dateModified":"2024-10-20T22:30:29+00:00","breadcrumb":{"@id":"https:\/\/ebed-futar.hu\/jabil\/kapcsolat\/#breadcrumb"},"inLanguage":"hu","potentialAction":[{"@type":"ReadAction","target":["https:\/\/ebed-futar.hu\/jabil\/kapcsolat\/"]}]},{"@type":"BreadcrumbList","@id":"https:\/\/ebed-futar.hu\/jabil\/kapcsolat\/#breadcrumb","itemListElement":[{"@type":"ListItem","position":1,"name":"Kezd\u0151lap","item":"https:\/\/ebed-futar.hu\/jabil\/"},{"@type":"ListItem","position":2,"name":"Kapcsolat"}]},{"@type":"WebSite","@id":"https:\/\/ebed-futar.hu\/jabil\/#website","url":"https:\/\/ebed-futar.hu\/jabil\/","name":"Eb\u00e9dfut\u00e1r - Jabil","description":"Minden, ami vend\u00e9gl\u00e1t\u00e1s","publisher":{"@id":"https:\/\/ebed-futar.hu\/jabil\/#organization"},"potentialAction":[{"@type":"SearchAction","target":{"@type":"EntryPoint","urlTemplate":"https:\/\/ebed-futar.hu\/jabil\/?s={search_term_string}"},"query-input":{"@type":"PropertyValueSpecification","valueRequired":true,"valueName":"search_term_string"}}],"inLanguage":"hu"},{"@type":"Organization","@id":"https:\/\/ebed-futar.hu\/jabil\/#organization","name":"Eb\u00e9dfut\u00e1r Kft.","url":"https:\/\/ebed-futar.hu\/jabil\/","logo":{"@type":"ImageObject","inLanguage":"hu","@id":"https:\/\/ebed-futar.hu\/jabil\/#\/schema\/logo\/image\/","url":"https:\/\/ebed-futar.hu\/jabil\/wp-content\/uploads\/sites\/2\/2024\/10\/jabil_logo_web.png","contentUrl":"https:\/\/ebed-futar.hu\/jabil\/wp-content\/uploads\/sites\/2\/2024\/10\/jabil_logo_web.png","width":117,"height":150,"caption":"Eb\u00e9dfut\u00e1r Kft."},"image":{"@id":"https:\/\/ebed-futar.hu\/jabil\/#\/schema\/logo\/image\/"},"sameAs":["https:\/\/www.facebook.com\/EbedfutarKft\/"]}]}},"acf":[],"_links":{"self":[{"href":"https:\/\/ebed-futar.hu\/jabil\/wp-json\/wp\/v2\/pages\/36","targetHints":{"allow":["GET"]}}],"collection":[{"href":"https:\/\/ebed-futar.hu\/jabil\/wp-json\/wp\/v2\/pages"}],"about":[{"href":"https:\/\/ebed-futar.hu\/jabil\/wp-json\/wp\/v2\/types\/page"}],"author":[{"embeddable":true,"href":"https:\/\/ebed-futar.hu\/jabil\/wp-json\/wp\/v2\/users\/1"}],"replies":[{"embeddable":true,"href":"https:\/\/ebed-futar.hu\/jabil\/wp-json\/wp\/v2\/comments?post=36"}],"version-history":[{"count":8,"href":"https:\/\/ebed-futar.hu\/jabil\/wp-json\/wp\/v2\/pages\/36\/revisions"}],"predecessor-version":[{"id":6476,"href":"https:\/\/ebed-futar.hu\/jabil\/wp-json\/wp\/v2\/pages\/36\/revisions\/6476"}],"wp:attachment":[{"href":"https:\/\/ebed-futar.hu\/jabil\/wp-json\/wp\/v2\/media?parent=36"}],"curies":[{"name":"wp","href":"https:\/\/api.w.org\/{rel}","templated":true}]}}