{"id":8,"date":"2020-05-17T20:07:31","date_gmt":"2020-05-17T18:07:31","guid":{"rendered":"https:\/\/ebed-futar.hu\/tatabanya\/?page_id=8"},"modified":"2025-02-25T10:28:18","modified_gmt":"2025-02-25T09:28:18","slug":"home","status":"publish","type":"page","link":"https:\/\/ebed-futar.hu\/jabil\/","title":{"rendered":"C\u00edmlap"},"content":{"rendered":"<div id=\"metaslider-id-6339\" style=\"width: 100%;\" class=\"ml-slider-3-99-0 metaslider metaslider-flex metaslider-6339 ml-slider ms-theme-default nav-hidden\" role=\"region\" aria-label=\"Home\" data-width=\"1920\">\n    <div id=\"metaslider_container_6339\">\n        <div id=\"metaslider_6339\">\n            <ul class='slides'>\n                <li style=\"display: block; width: 100%;\" class=\"slide-6340 ms-image \" aria-roledescription=\"slide\" data-date=\"2024-04-22 22:30:59\"><img loading=\"lazy\" decoding=\"async\" src=\"https:\/\/ebed-futar.hu\/jabil\/wp-content\/uploads\/sites\/2\/2024\/10\/slide_01.jpg\" height=\"790\" width=\"1920\" alt=\"\" class=\"slider-6339 slide-6340 msDefaultImage\" title=\"slide_01\" \/><\/li>\n            <\/ul>\n        <\/div>\n        \n    <\/div>\n<\/div>\n\n\n\n<div style=\"height:40px\" aria-hidden=\"true\" class=\"wp-block-spacer\"><\/div>\n\n\n\n<h3 class=\"wp-block-heading has-text-align-center\"><strong>A term\u00e9kek \u00e1ra minden esetben tartalmazza a csomagol\u00e1s d\u00edj\u00e1t!<\/strong><\/h3>\n\n\n\n<h3 class=\"wp-block-heading has-text-align-center\">Napi aj\u00e1nlat<\/h3>\n\n\n\n<p class=\"has-text-align-center\"><\/p>\n\n\n<div data-block-name=\"woocommerce\/product-category\" data-categories=\"[453,454,473,474,479]\" data-columns=\"4\" data-content-visibility=\"{&quot;image&quot;:true,&quot;title&quot;:true,&quot;price&quot;:true,&quot;rating&quot;:false,&quot;button&quot;:true}\" data-orderby=\"menu_order\" data-rows=\"1\" class=\"wc-block-grid wp-block-product-category wp-block-woocommerce-product-category wc-block-product-category has-4-columns\"><ul class=\"wc-block-grid__products\"><li class=\"wc-block-grid__product product-grid \">\n\t\t\t\t<div class=\"loop-image-wrap botiga-add-to-cart-button-layout3\">\n\t\t\t\t\t<a href=\"https:\/\/ebed-futar.hu\/jabil\/menu\/rantott-csirkemell\/\" class=\"wc-block-grid__product-link\" title=\"Tov\u00e1bb olvasom\">\n\t\t\t\t\t\t<div class=\"wc-block-grid__product-image\"><img loading=\"lazy\" decoding=\"async\" src=\"https:\/\/ebed-futar.hu\/jabil\/wp-content\/uploads\/sites\/2\/2025\/02\/ebedfutarkep-1.jpg\" width=\"420\" height=\"420\" class=\"woocommerce-placeholder wp-post-image\" alt=\"\"\/><\/div>\n\t\t\t\t\t<\/a><div class=\"loop-button-wrap button-width-auto button-layout3 \"><a href=\"https:\/\/ebed-futar.hu\/jabil\/menu\/rantott-csirkemell\/\" aria-label=\"&ldquo;R\u00e1ntott csirkemell&rdquo; term\u00e9kr\u0151l t\u00f6bb inform\u00e1ci\u00f3\" data-quantity=\"1\" data-product_id=\"6540\" data-product_sku=\"1004477\" rel=\"nofollow\" class=\"button wp-block-button__link add_to_cart_button\">Tov\u00e1bb olvasom<\/a><\/div><\/div><a href=\"https:\/\/ebed-futar.hu\/jabil\/menu\/rantott-csirkemell\/\" class=\"wc-block-grid__product-link\">\n\t\t\t\t\t<div class=\"wc-block-grid__product-title\">R\u00e1ntott csirkemell<\/div>\n\t\t\t\t<\/a><div class=\"wc-block-grid__product-price price\"><span class=\"woocommerce-Price-amount amount\">1.170&nbsp;<span class=\"woocommerce-Price-currencySymbol\">&#070;&#116;<\/span><\/span><\/div><\/li><li class=\"wc-block-grid__product product-grid \">\n\t\t\t\t<div class=\"loop-image-wrap botiga-add-to-cart-button-layout3\">\n\t\t\t\t\t<a href=\"https:\/\/ebed-futar.hu\/jabil\/menu\/shiny\/\" class=\"wc-block-grid__product-link\" title=\"Tov\u00e1bb olvasom\">\n\t\t\t\t\t\t<div class=\"wc-block-grid__product-image\"><img loading=\"lazy\" decoding=\"async\" src=\"https:\/\/ebed-futar.hu\/jabil\/wp-content\/uploads\/sites\/2\/2025\/02\/ebedfutarkep-1.jpg\" width=\"420\" height=\"420\" class=\"woocommerce-placeholder wp-post-image\" alt=\"\"\/><\/div>\n\t\t\t\t\t<\/a><div class=\"loop-button-wrap button-width-auto button-layout3 \"><a href=\"https:\/\/ebed-futar.hu\/jabil\/menu\/shiny\/\" aria-label=\"&ldquo;R\u00e1ntott sajt&rdquo; term\u00e9kr\u0151l t\u00f6bb inform\u00e1ci\u00f3\" data-quantity=\"1\" data-product_id=\"5963\" data-product_sku=\"1004479\" rel=\"nofollow\" class=\"button wp-block-button__link add_to_cart_button\">Tov\u00e1bb olvasom<\/a><\/div><\/div><a href=\"https:\/\/ebed-futar.hu\/jabil\/menu\/shiny\/\" class=\"wc-block-grid__product-link\">\n\t\t\t\t\t<div class=\"wc-block-grid__product-title\">R\u00e1ntott sajt<\/div>\n\t\t\t\t<\/a><div class=\"wc-block-grid__product-price price\"><span class=\"woocommerce-Price-amount amount\">580&nbsp;<span class=\"woocommerce-Price-currencySymbol\">&#070;&#116;<\/span><\/span><\/div><\/li><li class=\"wc-block-grid__product product-grid \">\n\t\t\t\t<div class=\"loop-image-wrap botiga-add-to-cart-button-layout3\">\n\t\t\t\t\t<a href=\"https:\/\/ebed-futar.hu\/jabil\/menu\/xl-shiny\/\" class=\"wc-block-grid__product-link\" title=\"Tov\u00e1bb olvasom\">\n\t\t\t\t\t\t<div class=\"wc-block-grid__product-image\"><img loading=\"lazy\" decoding=\"async\" src=\"https:\/\/ebed-futar.hu\/jabil\/wp-content\/uploads\/sites\/2\/2025\/02\/ebedfutarkep-1.jpg\" width=\"420\" height=\"420\" class=\"woocommerce-placeholder wp-post-image\" alt=\"\"\/><\/div>\n\t\t\t\t\t<\/a><div class=\"loop-button-wrap button-width-auto button-layout3 \"><a href=\"https:\/\/ebed-futar.hu\/jabil\/menu\/xl-shiny\/\" aria-label=\"&ldquo;R\u00e1ntott karaj&rdquo; term\u00e9kr\u0151l t\u00f6bb inform\u00e1ci\u00f3\" data-quantity=\"1\" data-product_id=\"5965\" data-product_sku=\"1004480\" rel=\"nofollow\" class=\"button wp-block-button__link add_to_cart_button\">Tov\u00e1bb olvasom<\/a><\/div><\/div><a href=\"https:\/\/ebed-futar.hu\/jabil\/menu\/xl-shiny\/\" class=\"wc-block-grid__product-link\">\n\t\t\t\t\t<div class=\"wc-block-grid__product-title\">R\u00e1ntott karaj<\/div>\n\t\t\t\t<\/a><div class=\"wc-block-grid__product-price price\"><span class=\"woocommerce-Price-amount amount\">1.170&nbsp;<span class=\"woocommerce-Price-currencySymbol\">&#070;&#116;<\/span><\/span><\/div><\/li><li class=\"wc-block-grid__product product-grid \">\n\t\t\t\t<div class=\"loop-image-wrap botiga-add-to-cart-button-layout3\">\n\t\t\t\t\t<a href=\"https:\/\/ebed-futar.hu\/jabil\/menu\/thai-csirkecsikok\/\" class=\"wc-block-grid__product-link\" title=\"Tov\u00e1bb olvasom\">\n\t\t\t\t\t\t<div class=\"wc-block-grid__product-image\"><img loading=\"lazy\" decoding=\"async\" src=\"https:\/\/ebed-futar.hu\/jabil\/wp-content\/uploads\/sites\/2\/2025\/02\/ebedfutarkep-1.jpg\" width=\"420\" height=\"420\" class=\"woocommerce-placeholder wp-post-image\" alt=\"\"\/><\/div>\n\t\t\t\t\t<\/a><div class=\"loop-button-wrap button-width-auto button-layout3 \"><a href=\"https:\/\/ebed-futar.hu\/jabil\/menu\/thai-csirkecsikok\/\" aria-label=\"&ldquo;Thai csirkecs\u00edkok&rdquo; term\u00e9kr\u0151l t\u00f6bb inform\u00e1ci\u00f3\" data-quantity=\"1\" data-product_id=\"12062\" data-product_sku=\"1004789\" rel=\"nofollow\" class=\"button wp-block-button__link add_to_cart_button\">Tov\u00e1bb olvasom<\/a><\/div><\/div><a href=\"https:\/\/ebed-futar.hu\/jabil\/menu\/thai-csirkecsikok\/\" class=\"wc-block-grid__product-link\">\n\t\t\t\t\t<div class=\"wc-block-grid__product-title\">Thai csirkecs\u00edkok<\/div>\n\t\t\t\t<\/a><div class=\"wc-block-grid__product-price price\"><span class=\"woocommerce-Price-amount amount\">1.230&nbsp;<span class=\"woocommerce-Price-currencySymbol\">&#070;&#116;<\/span><\/span><\/div><\/li><\/ul><\/div>\n\n\n<div style=\"height:40px\" aria-hidden=\"true\" class=\"wp-block-spacer\"><\/div>\n\n\n\n<p><\/p>\n","protected":false},"excerpt":{"rendered":"<p>A term\u00e9kek \u00e1ra minden esetben tartalmazza a csomagol\u00e1s d\u00edj\u00e1t! Napi aj\u00e1nlat<\/p>\n","protected":false},"author":1,"featured_media":0,"parent":0,"menu_order":0,"comment_status":"closed","ping_status":"closed","template":"","meta":{"_acf_changed":false,"_monsterinsights_skip_tracking":false,"_monsterinsights_sitenote_active":false,"_monsterinsights_sitenote_note":"","_monsterinsights_sitenote_category":0,"footnotes":""},"class_list":["post-8","page","type-page","status-publish","hentry"],"yoast_head":"<!-- This site is optimized with the Yoast SEO plugin v27.5 - https:\/\/yoast.com\/product\/yoast-seo-wordpress\/ -->\n<title>C\u00edmlap - Eb\u00e9dfut\u00e1r - Jabil<\/title>\n<meta name=\"robots\" content=\"noindex, follow, max-snippet:-1, max-image-preview:large, max-video-preview:-1\" \/>\n<meta property=\"og:locale\" content=\"hu_HU\" \/>\n<meta property=\"og:type\" content=\"article\" \/>\n<meta property=\"og:title\" content=\"C\u00edmlap - Eb\u00e9dfut\u00e1r - Jabil\" \/>\n<meta property=\"og:description\" content=\"A term\u00e9kek \u00e1ra minden esetben tartalmazza a csomagol\u00e1s d\u00edj\u00e1t! Napi aj\u00e1nlat\" \/>\n<meta property=\"og:url\" content=\"https:\/\/ebed-futar.hu\/jabil\/\" \/>\n<meta property=\"og:site_name\" content=\"Eb\u00e9dfut\u00e1r - Jabil\" \/>\n<meta property=\"article:publisher\" content=\"https:\/\/www.facebook.com\/EbedfutarKft\/\" \/>\n<meta property=\"article:modified_time\" content=\"2025-02-25T09:28:18+00:00\" \/>\n<meta property=\"og:image\" content=\"https:\/\/ebed-futar.hu\/jabil\/wp-content\/uploads\/sites\/2\/2024\/10\/site_image.jpg\" \/>\n\t<meta property=\"og:image:width\" content=\"1200\" \/>\n\t<meta property=\"og:image:height\" content=\"675\" \/>\n\t<meta property=\"og:image:type\" content=\"image\/jpeg\" \/>\n<meta name=\"twitter:card\" content=\"summary_large_image\" \/>\n<meta name=\"twitter:label1\" content=\"Becs\u00fclt olvas\u00e1si id\u0151\" \/>\n\t<meta name=\"twitter:data1\" content=\"1 perc\" \/>\n<script type=\"application\/ld+json\" class=\"yoast-schema-graph\">{\"@context\":\"https:\\\/\\\/schema.org\",\"@graph\":[{\"@type\":\"WebPage\",\"@id\":\"https:\\\/\\\/ebed-futar.hu\\\/jabil\\\/\",\"url\":\"https:\\\/\\\/ebed-futar.hu\\\/jabil\\\/\",\"name\":\"C\u00edmlap - Eb\u00e9dfut\u00e1r - Jabil\",\"isPartOf\":{\"@id\":\"https:\\\/\\\/ebed-futar.hu\\\/jabil\\\/#website\"},\"datePublished\":\"2020-05-17T18:07:31+00:00\",\"dateModified\":\"2025-02-25T09:28:18+00:00\",\"breadcrumb\":{\"@id\":\"https:\\\/\\\/ebed-futar.hu\\\/jabil\\\/#breadcrumb\"},\"inLanguage\":\"hu\",\"potentialAction\":[{\"@type\":\"ReadAction\",\"target\":[\"https:\\\/\\\/ebed-futar.hu\\\/jabil\\\/\"]}]},{\"@type\":\"BreadcrumbList\",\"@id\":\"https:\\\/\\\/ebed-futar.hu\\\/jabil\\\/#breadcrumb\",\"itemListElement\":[{\"@type\":\"ListItem\",\"position\":1,\"name\":\"Kezd\u0151lap\",\"item\":\"https:\\\/\\\/ebed-futar.hu\\\/jabil\\\/\"},{\"@type\":\"ListItem\",\"position\":2,\"name\":\"C\u00edmlap\"}]},{\"@type\":\"WebSite\",\"@id\":\"https:\\\/\\\/ebed-futar.hu\\\/jabil\\\/#website\",\"url\":\"https:\\\/\\\/ebed-futar.hu\\\/jabil\\\/\",\"name\":\"Eb\u00e9dfut\u00e1r - Jabil\",\"description\":\"Minden, ami vend\u00e9gl\u00e1t\u00e1s\",\"publisher\":{\"@id\":\"https:\\\/\\\/ebed-futar.hu\\\/jabil\\\/#organization\"},\"potentialAction\":[{\"@type\":\"SearchAction\",\"target\":{\"@type\":\"EntryPoint\",\"urlTemplate\":\"https:\\\/\\\/ebed-futar.hu\\\/jabil\\\/?s={search_term_string}\"},\"query-input\":{\"@type\":\"PropertyValueSpecification\",\"valueRequired\":true,\"valueName\":\"search_term_string\"}}],\"inLanguage\":\"hu\"},{\"@type\":\"Organization\",\"@id\":\"https:\\\/\\\/ebed-futar.hu\\\/jabil\\\/#organization\",\"name\":\"Eb\u00e9dfut\u00e1r Kft.\",\"url\":\"https:\\\/\\\/ebed-futar.hu\\\/jabil\\\/\",\"logo\":{\"@type\":\"ImageObject\",\"inLanguage\":\"hu\",\"@id\":\"https:\\\/\\\/ebed-futar.hu\\\/jabil\\\/#\\\/schema\\\/logo\\\/image\\\/\",\"url\":\"https:\\\/\\\/ebed-futar.hu\\\/jabil\\\/wp-content\\\/uploads\\\/sites\\\/2\\\/2024\\\/10\\\/jabil_logo_web.png\",\"contentUrl\":\"https:\\\/\\\/ebed-futar.hu\\\/jabil\\\/wp-content\\\/uploads\\\/sites\\\/2\\\/2024\\\/10\\\/jabil_logo_web.png\",\"width\":117,\"height\":150,\"caption\":\"Eb\u00e9dfut\u00e1r Kft.\"},\"image\":{\"@id\":\"https:\\\/\\\/ebed-futar.hu\\\/jabil\\\/#\\\/schema\\\/logo\\\/image\\\/\"},\"sameAs\":[\"https:\\\/\\\/www.facebook.com\\\/EbedfutarKft\\\/\"]}]}<\/script>\n<!-- \/ Yoast SEO plugin. -->","yoast_head_json":{"title":"C\u00edmlap - Eb\u00e9dfut\u00e1r - Jabil","robots":{"index":"noindex","follow":"follow","max-snippet":"max-snippet:-1","max-image-preview":"max-image-preview:large","max-video-preview":"max-video-preview:-1"},"og_locale":"hu_HU","og_type":"article","og_title":"C\u00edmlap - Eb\u00e9dfut\u00e1r - Jabil","og_description":"A term\u00e9kek \u00e1ra minden esetben tartalmazza a csomagol\u00e1s d\u00edj\u00e1t! Napi aj\u00e1nlat","og_url":"https:\/\/ebed-futar.hu\/jabil\/","og_site_name":"Eb\u00e9dfut\u00e1r - Jabil","article_publisher":"https:\/\/www.facebook.com\/EbedfutarKft\/","article_modified_time":"2025-02-25T09:28:18+00:00","og_image":[{"width":1200,"height":675,"url":"https:\/\/ebed-futar.hu\/jabil\/wp-content\/uploads\/sites\/2\/2024\/10\/site_image.jpg","type":"image\/jpeg"}],"twitter_card":"summary_large_image","twitter_misc":{"Becs\u00fclt olvas\u00e1si id\u0151":"1 perc"},"schema":{"@context":"https:\/\/schema.org","@graph":[{"@type":"WebPage","@id":"https:\/\/ebed-futar.hu\/jabil\/","url":"https:\/\/ebed-futar.hu\/jabil\/","name":"C\u00edmlap - Eb\u00e9dfut\u00e1r - Jabil","isPartOf":{"@id":"https:\/\/ebed-futar.hu\/jabil\/#website"},"datePublished":"2020-05-17T18:07:31+00:00","dateModified":"2025-02-25T09:28:18+00:00","breadcrumb":{"@id":"https:\/\/ebed-futar.hu\/jabil\/#breadcrumb"},"inLanguage":"hu","potentialAction":[{"@type":"ReadAction","target":["https:\/\/ebed-futar.hu\/jabil\/"]}]},{"@type":"BreadcrumbList","@id":"https:\/\/ebed-futar.hu\/jabil\/#breadcrumb","itemListElement":[{"@type":"ListItem","position":1,"name":"Kezd\u0151lap","item":"https:\/\/ebed-futar.hu\/jabil\/"},{"@type":"ListItem","position":2,"name":"C\u00edmlap"}]},{"@type":"WebSite","@id":"https:\/\/ebed-futar.hu\/jabil\/#website","url":"https:\/\/ebed-futar.hu\/jabil\/","name":"Eb\u00e9dfut\u00e1r - Jabil","description":"Minden, ami vend\u00e9gl\u00e1t\u00e1s","publisher":{"@id":"https:\/\/ebed-futar.hu\/jabil\/#organization"},"potentialAction":[{"@type":"SearchAction","target":{"@type":"EntryPoint","urlTemplate":"https:\/\/ebed-futar.hu\/jabil\/?s={search_term_string}"},"query-input":{"@type":"PropertyValueSpecification","valueRequired":true,"valueName":"search_term_string"}}],"inLanguage":"hu"},{"@type":"Organization","@id":"https:\/\/ebed-futar.hu\/jabil\/#organization","name":"Eb\u00e9dfut\u00e1r Kft.","url":"https:\/\/ebed-futar.hu\/jabil\/","logo":{"@type":"ImageObject","inLanguage":"hu","@id":"https:\/\/ebed-futar.hu\/jabil\/#\/schema\/logo\/image\/","url":"https:\/\/ebed-futar.hu\/jabil\/wp-content\/uploads\/sites\/2\/2024\/10\/jabil_logo_web.png","contentUrl":"https:\/\/ebed-futar.hu\/jabil\/wp-content\/uploads\/sites\/2\/2024\/10\/jabil_logo_web.png","width":117,"height":150,"caption":"Eb\u00e9dfut\u00e1r Kft."},"image":{"@id":"https:\/\/ebed-futar.hu\/jabil\/#\/schema\/logo\/image\/"},"sameAs":["https:\/\/www.facebook.com\/EbedfutarKft\/"]}]}},"acf":[],"_links":{"self":[{"href":"https:\/\/ebed-futar.hu\/jabil\/wp-json\/wp\/v2\/pages\/8","targetHints":{"allow":["GET"]}}],"collection":[{"href":"https:\/\/ebed-futar.hu\/jabil\/wp-json\/wp\/v2\/pages"}],"about":[{"href":"https:\/\/ebed-futar.hu\/jabil\/wp-json\/wp\/v2\/types\/page"}],"author":[{"embeddable":true,"href":"https:\/\/ebed-futar.hu\/jabil\/wp-json\/wp\/v2\/users\/1"}],"replies":[{"embeddable":true,"href":"https:\/\/ebed-futar.hu\/jabil\/wp-json\/wp\/v2\/comments?post=8"}],"version-history":[{"count":5,"href":"https:\/\/ebed-futar.hu\/jabil\/wp-json\/wp\/v2\/pages\/8\/revisions"}],"predecessor-version":[{"id":12839,"href":"https:\/\/ebed-futar.hu\/jabil\/wp-json\/wp\/v2\/pages\/8\/revisions\/12839"}],"wp:attachment":[{"href":"https:\/\/ebed-futar.hu\/jabil\/wp-json\/wp\/v2\/media?parent=8"}],"curies":[{"name":"wp","href":"https:\/\/api.w.org\/{rel}","templated":true}]}}