{"id":3903,"date":"2025-06-17T10:37:40","date_gmt":"2025-06-17T08:37:40","guid":{"rendered":"https:\/\/ebed-futar.hu\/joyson\/?page_id=3903"},"modified":"2026-05-08T17:39:39","modified_gmt":"2026-05-08T15:39:39","slug":"digitalis-etlap","status":"publish","type":"page","link":"https:\/\/ebed-futar.hu\/joyson\/digitalis-etlap\/","title":{"rendered":"Digit\u00e1lis \u00e9tlap"},"content":{"rendered":"","protected":false},"excerpt":{"rendered":"","protected":false},"author":5,"featured_media":5738,"parent":0,"menu_order":0,"comment_status":"closed","ping_status":"closed","template":"","meta":{"_acf_changed":false,"_monsterinsights_skip_tracking":false,"_monsterinsights_sitenote_active":false,"_monsterinsights_sitenote_note":"","_monsterinsights_sitenote_category":0,"footnotes":""},"class_list":["post-3903","page","type-page","status-publish","has-post-thumbnail","hentry"],"yoast_head":"<!-- This site is optimized with the Yoast SEO plugin v27.5 - https:\/\/yoast.com\/product\/yoast-seo-wordpress\/ -->\n<title>Digit\u00e1lis \u00e9tlap - Eb\u00e9dfut\u00e1r - Joyson<\/title>\n<meta name=\"robots\" content=\"noindex, follow, max-snippet:-1, max-image-preview:large, max-video-preview:-1\" \/>\n<meta property=\"og:locale\" content=\"hu_HU\" \/>\n<meta property=\"og:type\" content=\"article\" \/>\n<meta property=\"og:title\" content=\"Digit\u00e1lis \u00e9tlap - Eb\u00e9dfut\u00e1r - Joyson\" \/>\n<meta property=\"og:url\" content=\"https:\/\/ebed-futar.hu\/joyson\/digitalis-etlap\/\" \/>\n<meta property=\"og:site_name\" content=\"Eb\u00e9dfut\u00e1r - Joyson\" \/>\n<meta property=\"article:publisher\" content=\"https:\/\/www.facebook.com\/EbedfutarKft\/\" \/>\n<meta property=\"article:modified_time\" content=\"2026-05-08T15:39:39+00:00\" \/>\n<meta property=\"og:image\" content=\"https:\/\/ebed-futar.hu\/joyson\/wp-content\/uploads\/sites\/3\/2024\/10\/site_image.jpg\" \/>\n\t<meta property=\"og:image:width\" content=\"1200\" \/>\n\t<meta property=\"og:image:height\" content=\"675\" \/>\n\t<meta property=\"og:image:type\" content=\"image\/jpeg\" \/>\n<meta name=\"twitter:card\" content=\"summary_large_image\" \/>\n<meta name=\"twitter:label1\" content=\"Becs\u00fclt olvas\u00e1si id\u0151\" \/>\n\t<meta name=\"twitter:data1\" content=\"1 perc\" \/>\n<script type=\"application\/ld+json\" class=\"yoast-schema-graph\">{\"@context\":\"https:\\\/\\\/schema.org\",\"@graph\":[{\"@type\":\"WebPage\",\"@id\":\"https:\\\/\\\/ebed-futar.hu\\\/joyson\\\/digitalis-etlap\\\/\",\"url\":\"https:\\\/\\\/ebed-futar.hu\\\/joyson\\\/digitalis-etlap\\\/\",\"name\":\"Digit\u00e1lis \u00e9tlap - Eb\u00e9dfut\u00e1r - Joyson\",\"isPartOf\":{\"@id\":\"https:\\\/\\\/ebed-futar.hu\\\/joyson\\\/#website\"},\"primaryImageOfPage\":{\"@id\":\"https:\\\/\\\/ebed-futar.hu\\\/joyson\\\/digitalis-etlap\\\/#primaryimage\"},\"image\":{\"@id\":\"https:\\\/\\\/ebed-futar.hu\\\/joyson\\\/digitalis-etlap\\\/#primaryimage\"},\"thumbnailUrl\":\"https:\\\/\\\/ebed-futar.hu\\\/joyson\\\/wp-content\\\/uploads\\\/sites\\\/3\\\/2026\\\/05\\\/Joyson_etlap_8_het-pdf.jpg\",\"datePublished\":\"2025-06-17T08:37:40+00:00\",\"dateModified\":\"2026-05-08T15:39:39+00:00\",\"breadcrumb\":{\"@id\":\"https:\\\/\\\/ebed-futar.hu\\\/joyson\\\/digitalis-etlap\\\/#breadcrumb\"},\"inLanguage\":\"hu\",\"potentialAction\":[{\"@type\":\"ReadAction\",\"target\":[\"https:\\\/\\\/ebed-futar.hu\\\/joyson\\\/digitalis-etlap\\\/\"]}]},{\"@type\":\"ImageObject\",\"inLanguage\":\"hu\",\"@id\":\"https:\\\/\\\/ebed-futar.hu\\\/joyson\\\/digitalis-etlap\\\/#primaryimage\",\"url\":\"https:\\\/\\\/ebed-futar.hu\\\/joyson\\\/wp-content\\\/uploads\\\/sites\\\/3\\\/2026\\\/05\\\/Joyson_etlap_8_het-pdf.jpg\",\"contentUrl\":\"https:\\\/\\\/ebed-futar.hu\\\/joyson\\\/wp-content\\\/uploads\\\/sites\\\/3\\\/2026\\\/05\\\/Joyson_etlap_8_het-pdf.jpg\"},{\"@type\":\"BreadcrumbList\",\"@id\":\"https:\\\/\\\/ebed-futar.hu\\\/joyson\\\/digitalis-etlap\\\/#breadcrumb\",\"itemListElement\":[{\"@type\":\"ListItem\",\"position\":1,\"name\":\"Kezd\u0151lap\",\"item\":\"https:\\\/\\\/ebed-futar.hu\\\/joyson\\\/\"},{\"@type\":\"ListItem\",\"position\":2,\"name\":\"Digit\u00e1lis \u00e9tlap\"}]},{\"@type\":\"WebSite\",\"@id\":\"https:\\\/\\\/ebed-futar.hu\\\/joyson\\\/#website\",\"url\":\"https:\\\/\\\/ebed-futar.hu\\\/joyson\\\/\",\"name\":\"Eb\u00e9dfut\u00e1r - Joyson\",\"description\":\"Minden, ami vend\u00e9gl\u00e1t\u00e1s\",\"publisher\":{\"@id\":\"https:\\\/\\\/ebed-futar.hu\\\/joyson\\\/#organization\"},\"potentialAction\":[{\"@type\":\"SearchAction\",\"target\":{\"@type\":\"EntryPoint\",\"urlTemplate\":\"https:\\\/\\\/ebed-futar.hu\\\/joyson\\\/?s={search_term_string}\"},\"query-input\":{\"@type\":\"PropertyValueSpecification\",\"valueRequired\":true,\"valueName\":\"search_term_string\"}}],\"inLanguage\":\"hu\"},{\"@type\":\"Organization\",\"@id\":\"https:\\\/\\\/ebed-futar.hu\\\/joyson\\\/#organization\",\"name\":\"Eb\u00e9dfut\u00e1r Kft.\",\"url\":\"https:\\\/\\\/ebed-futar.hu\\\/joyson\\\/\",\"logo\":{\"@type\":\"ImageObject\",\"inLanguage\":\"hu\",\"@id\":\"https:\\\/\\\/ebed-futar.hu\\\/joyson\\\/#\\\/schema\\\/logo\\\/image\\\/\",\"url\":\"https:\\\/\\\/ebed-futar.hu\\\/joyson\\\/wp-content\\\/uploads\\\/sites\\\/3\\\/2024\\\/10\\\/cropped-jabil_logo_web.png\",\"contentUrl\":\"https:\\\/\\\/ebed-futar.hu\\\/joyson\\\/wp-content\\\/uploads\\\/sites\\\/3\\\/2024\\\/10\\\/cropped-jabil_logo_web.png\",\"width\":117,\"height\":150,\"caption\":\"Eb\u00e9dfut\u00e1r Kft.\"},\"image\":{\"@id\":\"https:\\\/\\\/ebed-futar.hu\\\/joyson\\\/#\\\/schema\\\/logo\\\/image\\\/\"},\"sameAs\":[\"https:\\\/\\\/www.facebook.com\\\/EbedfutarKft\\\/\"]}]}<\/script>\n<!-- \/ Yoast SEO plugin. -->","yoast_head_json":{"title":"Digit\u00e1lis \u00e9tlap - Eb\u00e9dfut\u00e1r - Joyson","robots":{"index":"noindex","follow":"follow","max-snippet":"max-snippet:-1","max-image-preview":"max-image-preview:large","max-video-preview":"max-video-preview:-1"},"og_locale":"hu_HU","og_type":"article","og_title":"Digit\u00e1lis \u00e9tlap - Eb\u00e9dfut\u00e1r - Joyson","og_url":"https:\/\/ebed-futar.hu\/joyson\/digitalis-etlap\/","og_site_name":"Eb\u00e9dfut\u00e1r - Joyson","article_publisher":"https:\/\/www.facebook.com\/EbedfutarKft\/","article_modified_time":"2026-05-08T15:39:39+00:00","og_image":[{"width":1200,"height":675,"url":"https:\/\/ebed-futar.hu\/joyson\/wp-content\/uploads\/sites\/3\/2024\/10\/site_image.jpg","type":"image\/jpeg"}],"twitter_card":"summary_large_image","twitter_misc":{"Becs\u00fclt olvas\u00e1si id\u0151":"1 perc"},"schema":{"@context":"https:\/\/schema.org","@graph":[{"@type":"WebPage","@id":"https:\/\/ebed-futar.hu\/joyson\/digitalis-etlap\/","url":"https:\/\/ebed-futar.hu\/joyson\/digitalis-etlap\/","name":"Digit\u00e1lis \u00e9tlap - Eb\u00e9dfut\u00e1r - Joyson","isPartOf":{"@id":"https:\/\/ebed-futar.hu\/joyson\/#website"},"primaryImageOfPage":{"@id":"https:\/\/ebed-futar.hu\/joyson\/digitalis-etlap\/#primaryimage"},"image":{"@id":"https:\/\/ebed-futar.hu\/joyson\/digitalis-etlap\/#primaryimage"},"thumbnailUrl":"https:\/\/ebed-futar.hu\/joyson\/wp-content\/uploads\/sites\/3\/2026\/05\/Joyson_etlap_8_het-pdf.jpg","datePublished":"2025-06-17T08:37:40+00:00","dateModified":"2026-05-08T15:39:39+00:00","breadcrumb":{"@id":"https:\/\/ebed-futar.hu\/joyson\/digitalis-etlap\/#breadcrumb"},"inLanguage":"hu","potentialAction":[{"@type":"ReadAction","target":["https:\/\/ebed-futar.hu\/joyson\/digitalis-etlap\/"]}]},{"@type":"ImageObject","inLanguage":"hu","@id":"https:\/\/ebed-futar.hu\/joyson\/digitalis-etlap\/#primaryimage","url":"https:\/\/ebed-futar.hu\/joyson\/wp-content\/uploads\/sites\/3\/2026\/05\/Joyson_etlap_8_het-pdf.jpg","contentUrl":"https:\/\/ebed-futar.hu\/joyson\/wp-content\/uploads\/sites\/3\/2026\/05\/Joyson_etlap_8_het-pdf.jpg"},{"@type":"BreadcrumbList","@id":"https:\/\/ebed-futar.hu\/joyson\/digitalis-etlap\/#breadcrumb","itemListElement":[{"@type":"ListItem","position":1,"name":"Kezd\u0151lap","item":"https:\/\/ebed-futar.hu\/joyson\/"},{"@type":"ListItem","position":2,"name":"Digit\u00e1lis \u00e9tlap"}]},{"@type":"WebSite","@id":"https:\/\/ebed-futar.hu\/joyson\/#website","url":"https:\/\/ebed-futar.hu\/joyson\/","name":"Eb\u00e9dfut\u00e1r - Joyson","description":"Minden, ami vend\u00e9gl\u00e1t\u00e1s","publisher":{"@id":"https:\/\/ebed-futar.hu\/joyson\/#organization"},"potentialAction":[{"@type":"SearchAction","target":{"@type":"EntryPoint","urlTemplate":"https:\/\/ebed-futar.hu\/joyson\/?s={search_term_string}"},"query-input":{"@type":"PropertyValueSpecification","valueRequired":true,"valueName":"search_term_string"}}],"inLanguage":"hu"},{"@type":"Organization","@id":"https:\/\/ebed-futar.hu\/joyson\/#organization","name":"Eb\u00e9dfut\u00e1r Kft.","url":"https:\/\/ebed-futar.hu\/joyson\/","logo":{"@type":"ImageObject","inLanguage":"hu","@id":"https:\/\/ebed-futar.hu\/joyson\/#\/schema\/logo\/image\/","url":"https:\/\/ebed-futar.hu\/joyson\/wp-content\/uploads\/sites\/3\/2024\/10\/cropped-jabil_logo_web.png","contentUrl":"https:\/\/ebed-futar.hu\/joyson\/wp-content\/uploads\/sites\/3\/2024\/10\/cropped-jabil_logo_web.png","width":117,"height":150,"caption":"Eb\u00e9dfut\u00e1r Kft."},"image":{"@id":"https:\/\/ebed-futar.hu\/joyson\/#\/schema\/logo\/image\/"},"sameAs":["https:\/\/www.facebook.com\/EbedfutarKft\/"]}]}},"acf":[],"_links":{"self":[{"href":"https:\/\/ebed-futar.hu\/joyson\/wp-json\/wp\/v2\/pages\/3903","targetHints":{"allow":["GET"]}}],"collection":[{"href":"https:\/\/ebed-futar.hu\/joyson\/wp-json\/wp\/v2\/pages"}],"about":[{"href":"https:\/\/ebed-futar.hu\/joyson\/wp-json\/wp\/v2\/types\/page"}],"author":[{"embeddable":true,"href":"https:\/\/ebed-futar.hu\/joyson\/wp-json\/wp\/v2\/users\/5"}],"replies":[{"embeddable":true,"href":"https:\/\/ebed-futar.hu\/joyson\/wp-json\/wp\/v2\/comments?post=3903"}],"version-history":[{"count":4,"href":"https:\/\/ebed-futar.hu\/joyson\/wp-json\/wp\/v2\/pages\/3903\/revisions"}],"predecessor-version":[{"id":5355,"href":"https:\/\/ebed-futar.hu\/joyson\/wp-json\/wp\/v2\/pages\/3903\/revisions\/5355"}],"wp:featuredmedia":[{"embeddable":true,"href":"https:\/\/ebed-futar.hu\/joyson\/wp-json\/wp\/v2\/media\/5738"}],"wp:attachment":[{"href":"https:\/\/ebed-futar.hu\/joyson\/wp-json\/wp\/v2\/media?parent=3903"}],"curies":[{"name":"wp","href":"https:\/\/api.w.org\/{rel}","templated":true}]}}